{"id":3,"date":"2024-03-04T14:58:39","date_gmt":"2024-03-04T14:58:39","guid":{"rendered":"https:\/\/wordpress-1019029-4362069.cloudwaysapps.com\/?page_id=3"},"modified":"2025-07-30T16:11:41","modified_gmt":"2025-07-30T14:11:41","slug":"privacy","status":"publish","type":"page","link":"https:\/\/open-zone.fr\/en\/confidentialite\/","title":{"rendered":"Privacy policy"},"content":{"rendered":"<div data-elementor-type=\"wp-page\" data-elementor-id=\"3\" class=\"elementor elementor-3\" data-elementor-post-type=\"page\">\n\t\t\t\t<div class=\"elementor-element elementor-element-713bf4a e-flex e-con-boxed e-con e-parent\" data-id=\"713bf4a\" data-element_type=\"container\" data-e-type=\"container\">\n\t\t\t\t\t<div class=\"e-con-inner\">\n\t\t\t\t<div class=\"elementor-element elementor-element-7414ee45 elementor-widget elementor-widget-text-editor\" data-id=\"7414ee45\" data-element_type=\"widget\" data-e-type=\"widget\" data-widget_type=\"text-editor.default\">\n\t\t\t\t<div class=\"elementor-widget-container\">\n\t\t\t\t\t\t\t\t\t\n<h3 class=\"wp-block-heading\">Who we are<\/h3>\n\n<p>Our website is :\u00a0<a class=\"\" href=\"https:\/\/open-zone.fr\/en\/\">https:\/\/open-zone.fr<\/a>.<\/p>\n\n<h3 class=\"wp-block-heading\">\u00a0<\/h3>\n<h3 class=\"wp-block-heading\">Comments<\/h3>\n\n<p>When you leave a comment on our site, we collect the information you enter in the form, as well as your IP address and browser information. This helps us detect and prevent spam.<\/p>\n\n<p>Once your comment has been validated, the information you have provided can be displayed publicly in the context of your message.<\/p>\n\n<h3 class=\"wp-block-heading\">\u00a0<\/h3>\n<h3 class=\"wp-block-heading\">Media<\/h3>\n\n<p>If you upload images to Open Zone, avoid including embedded location data (EXIF GPS). Visitors can extract this data from published images.<\/p>\n\n<p>\u00a0<\/p>\n\n<h3 class=\"wp-block-heading\">\u00a0<\/h3>\n<h3 class=\"wp-block-heading\">Cookies<\/h3>\n\n<p>When leaving a comment on Open Zone, you can choose to save your name, email and website in cookies so you don't have to re-enter them each time. These cookies are valid for one year.<\/p>\n\n<p>When you access our login page, a temporary cookie is created to verify that your browser accepts cookies. This cookie contains no personal data and is deleted when you close your browser.<\/p>\n\n<p>After login, several cookies are placed to store your login information and display preferences. Log-in cookies last 2 days, display option cookies 1 year. If you check \"Remember me\", the connection is maintained for 2 weeks. When you log out, these cookies are deleted.<\/p>\n\n<p>When an article is modified or published, an additional cookie is set indicating the ID of the modified article. This cookie expires after one day and contains no personal data.<\/p>\n<hr class=\"wp-block-separator has-alpha-channel-opacity\" \/>\n<h3 class=\"wp-block-heading\">\u00a0<\/h3>\n<h3 class=\"wp-block-heading\">Embedded content<\/h3>\n\n<p>Some articles on Open Zone may include embedded content (videos, images, articles) from other sites. This content acts as if you were visiting these sites directly, which may collect data, use cookies and track your interaction, particularly if you are logged in.<\/p>\n\n<p>Data sharing<\/p>\n\n<p>If you request to reset your password, your IP address will be included in the email sent.<\/p>\n\n<h3 class=\"wp-block-heading\">\u00a0<\/h3>\n<h3 class=\"wp-block-heading\">Data retention<\/h3>\n\n<p>Comments and their metadata are kept indefinitely to facilitate automatic moderation of future comments.<\/p>\n\n<p>Registered users have their personal data stored in their profile, which can be modified at any time (except for their login). Administrators can also manage this data.<\/p>\n\n<h3 class=\"wp-block-heading\">\u00a0<\/h3>\n<h3 class=\"wp-block-heading\">Your rights<\/h3>\n\n<p>If you have an account or have left comments, you may request the export or deletion of any personal data held by us, except those required for legal or security reasons.<\/p>\n\n<h3 class=\"wp-block-heading\">\u00a0<\/h3>\n<h3 class=\"wp-block-heading\">Data destination<\/h3>\n\n<p>Comments can be analyzed by an automatic spam detection service.<\/p>\n\n<p>\u00a0<\/p>\n\t\t\t\t\t\t\t\t<\/div>\n\t\t\t\t<\/div>\n\t\t\t\t\t<\/div>\n\t\t\t\t<\/div>\n\t\t\t\t<\/div>","protected":false},"excerpt":{"rendered":"<p>Qui nous sommes Notre site internet est :\u00a0https:\/\/open-zone.fr. \u00a0 Commentaires Lorsque vous laissez un commentaire sur notre site, nous recueillons les informations que vous saisissez dans le formulaire, ainsi que votre adresse IP et les informations de votre navigateur. Cela nous aide \u00e0 d\u00e9tecter et pr\u00e9venir les spams. Apr\u00e8s validation de votre commentaire, les informations [&hellip;]<\/p>\n","protected":false},"author":1,"featured_media":0,"parent":0,"menu_order":0,"comment_status":"closed","ping_status":"closed","template":"","meta":{"_acf_changed":false,"content-type":"","footnotes":""},"class_list":["post-3","page","type-page","status-publish","hentry"],"acf":[],"_links":{"self":[{"href":"https:\/\/open-zone.fr\/en\/wp-json\/wp\/v2\/pages\/3","targetHints":{"allow":["GET"]}}],"collection":[{"href":"https:\/\/open-zone.fr\/en\/wp-json\/wp\/v2\/pages"}],"about":[{"href":"https:\/\/open-zone.fr\/en\/wp-json\/wp\/v2\/types\/page"}],"author":[{"embeddable":true,"href":"https:\/\/open-zone.fr\/en\/wp-json\/wp\/v2\/users\/1"}],"replies":[{"embeddable":true,"href":"https:\/\/open-zone.fr\/en\/wp-json\/wp\/v2\/comments?post=3"}],"version-history":[{"count":0,"href":"https:\/\/open-zone.fr\/en\/wp-json\/wp\/v2\/pages\/3\/revisions"}],"wp:attachment":[{"href":"https:\/\/open-zone.fr\/en\/wp-json\/wp\/v2\/media?parent=3"}],"curies":[{"name":"wp","href":"https:\/\/api.w.org\/{rel}","templated":true}]}}